{"id":157,"date":"2025-03-19T16:57:47","date_gmt":"2025-03-19T15:57:47","guid":{"rendered":"https:\/\/noccobarcelona.com\/la-ubicacion\/"},"modified":"2025-06-16T19:17:17","modified_gmt":"2025-06-16T17:17:17","slug":"the-location","status":"publish","type":"page","link":"https:\/\/noccobarcelona.com\/en\/the-location\/","title":{"rendered":"The location"},"content":{"rendered":"","protected":false},"excerpt":{"rendered":"","protected":false},"author":1,"featured_media":0,"parent":0,"menu_order":0,"comment_status":"closed","ping_status":"closed","template":"page-location.php","meta":{"_acf_changed":false,"footnotes":""},"class_list":["post-157","page","type-page","status-publish","hentry"],"acf":[],"yoast_head":"<!-- This site is optimized with the Yoast SEO plugin v27.2 - https:\/\/yoast.com\/product\/yoast-seo-wordpress\/ -->\n<title>Ubicaci\u00f3n espacios de trabajo Nocco en el 22@ de Barcelona | Nocco Workspaces<\/title>\n<meta name=\"description\" content=\"Ubicaci\u00f3n ideal en el 22@: espacios de trabajo con metro, tranv\u00eda, zonas verdes, comercios, playa y m\u00e1s. Conecta mejor desde Nocco.\" \/>\n<meta name=\"robots\" content=\"index, follow, max-snippet:-1, max-image-preview:large, max-video-preview:-1\" \/>\n<link rel=\"canonical\" href=\"https:\/\/noccobarcelona.com\/en\/the-location\/\" \/>\n<meta property=\"og:locale\" content=\"en_US\" \/>\n<meta property=\"og:type\" content=\"article\" \/>\n<meta property=\"og:title\" content=\"Ubicaci\u00f3n espacios de trabajo Nocco en el 22@ de Barcelona | Nocco Workspaces\" \/>\n<meta property=\"og:description\" content=\"Ubicaci\u00f3n ideal en el 22@: espacios de trabajo con metro, tranv\u00eda, zonas verdes, comercios, playa y m\u00e1s. Conecta mejor desde Nocco.\" \/>\n<meta property=\"og:url\" content=\"https:\/\/noccobarcelona.com\/en\/the-location\/\" \/>\n<meta property=\"og:site_name\" content=\"NOCCO\" \/>\n<meta property=\"article:modified_time\" content=\"2025-06-16T17:17:17+00:00\" \/>\n<meta property=\"og:image\" content=\"https:\/\/www.noccobarcelona.com\/custom\/uploads\/2025\/05\/ubicacion_nocco.jpg\" \/>\n\t<meta property=\"og:image:width\" content=\"2500\" \/>\n\t<meta property=\"og:image:height\" content=\"1477\" \/>\n\t<meta property=\"og:image:type\" content=\"image\/jpeg\" \/>\n<meta name=\"twitter:card\" content=\"summary_large_image\" \/>\n<script type=\"application\/ld+json\" class=\"yoast-schema-graph\">{\"@context\":\"https:\/\/schema.org\",\"@graph\":[{\"@type\":\"WebPage\",\"@id\":\"https:\/\/noccobarcelona.com\/en\/the-location\/\",\"url\":\"https:\/\/noccobarcelona.com\/en\/the-location\/\",\"name\":\"Ubicaci\u00f3n espacios de trabajo Nocco en el 22@ de Barcelona | Nocco Workspaces\",\"isPartOf\":{\"@id\":\"https:\/\/www.noccobarcelona.com\/en\/#website\"},\"datePublished\":\"2025-03-19T15:57:47+00:00\",\"dateModified\":\"2025-06-16T17:17:17+00:00\",\"description\":\"Ubicaci\u00f3n ideal en el 22@: espacios de trabajo con metro, tranv\u00eda, zonas verdes, comercios, playa y m\u00e1s. Conecta mejor desde Nocco.\",\"breadcrumb\":{\"@id\":\"https:\/\/noccobarcelona.com\/en\/the-location\/#breadcrumb\"},\"inLanguage\":\"en-US\",\"potentialAction\":[{\"@type\":\"ReadAction\",\"target\":[\"https:\/\/noccobarcelona.com\/en\/the-location\/\"]}]},{\"@type\":\"BreadcrumbList\",\"@id\":\"https:\/\/noccobarcelona.com\/en\/the-location\/#breadcrumb\",\"itemListElement\":[{\"@type\":\"ListItem\",\"position\":1,\"name\":\"Portada\",\"item\":\"https:\/\/noccobarcelona.com\/en\/\"},{\"@type\":\"ListItem\",\"position\":2,\"name\":\"The location\"}]},{\"@type\":\"WebSite\",\"@id\":\"https:\/\/www.noccobarcelona.com\/en\/#website\",\"url\":\"https:\/\/www.noccobarcelona.com\/en\/\",\"name\":\"NOCCO\",\"description\":\"Descubre Nocco: espacios de trabajo h\u00edbridos, sostenibles y creativos en el coraz\u00f3n del distrito 22@ de Barcelona. Mucho m\u00e1s que una oficina.\",\"publisher\":{\"@id\":\"https:\/\/www.noccobarcelona.com\/en\/#organization\"},\"potentialAction\":[{\"@type\":\"SearchAction\",\"target\":{\"@type\":\"EntryPoint\",\"urlTemplate\":\"https:\/\/www.noccobarcelona.com\/en\/?s={search_term_string}\"},\"query-input\":{\"@type\":\"PropertyValueSpecification\",\"valueRequired\":true,\"valueName\":\"search_term_string\"}}],\"inLanguage\":\"en-US\"},{\"@type\":\"Organization\",\"@id\":\"https:\/\/www.noccobarcelona.com\/en\/#organization\",\"name\":\"NOCCO\",\"url\":\"https:\/\/www.noccobarcelona.com\/en\/\",\"logo\":{\"@type\":\"ImageObject\",\"inLanguage\":\"en-US\",\"@id\":\"https:\/\/www.noccobarcelona.com\/en\/#\/schema\/logo\/image\/\",\"url\":\"https:\/\/labs.100x100.net\/projects\/nocco\/custom\/uploads\/2025\/05\/logo-nocco.png\",\"contentUrl\":\"https:\/\/labs.100x100.net\/projects\/nocco\/custom\/uploads\/2025\/05\/logo-nocco.png\",\"width\":563,\"height\":153,\"caption\":\"NOCCO\"},\"image\":{\"@id\":\"https:\/\/www.noccobarcelona.com\/en\/#\/schema\/logo\/image\/\"}}]}<\/script>\n<!-- \/ Yoast SEO plugin. -->","yoast_head_json":{"title":"Ubicaci\u00f3n espacios de trabajo Nocco en el 22@ de Barcelona | Nocco Workspaces","description":"Ubicaci\u00f3n ideal en el 22@: espacios de trabajo con metro, tranv\u00eda, zonas verdes, comercios, playa y m\u00e1s. Conecta mejor desde Nocco.","robots":{"index":"index","follow":"follow","max-snippet":"max-snippet:-1","max-image-preview":"max-image-preview:large","max-video-preview":"max-video-preview:-1"},"canonical":"https:\/\/noccobarcelona.com\/en\/the-location\/","og_locale":"en_US","og_type":"article","og_title":"Ubicaci\u00f3n espacios de trabajo Nocco en el 22@ de Barcelona | Nocco Workspaces","og_description":"Ubicaci\u00f3n ideal en el 22@: espacios de trabajo con metro, tranv\u00eda, zonas verdes, comercios, playa y m\u00e1s. Conecta mejor desde Nocco.","og_url":"https:\/\/noccobarcelona.com\/en\/the-location\/","og_site_name":"NOCCO","article_modified_time":"2025-06-16T17:17:17+00:00","og_image":[{"width":2500,"height":1477,"url":"https:\/\/www.noccobarcelona.com\/custom\/uploads\/2025\/05\/ubicacion_nocco.jpg","type":"image\/jpeg"}],"twitter_card":"summary_large_image","schema":{"@context":"https:\/\/schema.org","@graph":[{"@type":"WebPage","@id":"https:\/\/noccobarcelona.com\/en\/the-location\/","url":"https:\/\/noccobarcelona.com\/en\/the-location\/","name":"Ubicaci\u00f3n espacios de trabajo Nocco en el 22@ de Barcelona | Nocco Workspaces","isPartOf":{"@id":"https:\/\/www.noccobarcelona.com\/en\/#website"},"datePublished":"2025-03-19T15:57:47+00:00","dateModified":"2025-06-16T17:17:17+00:00","description":"Ubicaci\u00f3n ideal en el 22@: espacios de trabajo con metro, tranv\u00eda, zonas verdes, comercios, playa y m\u00e1s. Conecta mejor desde Nocco.","breadcrumb":{"@id":"https:\/\/noccobarcelona.com\/en\/the-location\/#breadcrumb"},"inLanguage":"en-US","potentialAction":[{"@type":"ReadAction","target":["https:\/\/noccobarcelona.com\/en\/the-location\/"]}]},{"@type":"BreadcrumbList","@id":"https:\/\/noccobarcelona.com\/en\/the-location\/#breadcrumb","itemListElement":[{"@type":"ListItem","position":1,"name":"Portada","item":"https:\/\/noccobarcelona.com\/en\/"},{"@type":"ListItem","position":2,"name":"The location"}]},{"@type":"WebSite","@id":"https:\/\/www.noccobarcelona.com\/en\/#website","url":"https:\/\/www.noccobarcelona.com\/en\/","name":"NOCCO","description":"Descubre Nocco: espacios de trabajo h\u00edbridos, sostenibles y creativos en el coraz\u00f3n del distrito 22@ de Barcelona. Mucho m\u00e1s que una oficina.","publisher":{"@id":"https:\/\/www.noccobarcelona.com\/en\/#organization"},"potentialAction":[{"@type":"SearchAction","target":{"@type":"EntryPoint","urlTemplate":"https:\/\/www.noccobarcelona.com\/en\/?s={search_term_string}"},"query-input":{"@type":"PropertyValueSpecification","valueRequired":true,"valueName":"search_term_string"}}],"inLanguage":"en-US"},{"@type":"Organization","@id":"https:\/\/www.noccobarcelona.com\/en\/#organization","name":"NOCCO","url":"https:\/\/www.noccobarcelona.com\/en\/","logo":{"@type":"ImageObject","inLanguage":"en-US","@id":"https:\/\/www.noccobarcelona.com\/en\/#\/schema\/logo\/image\/","url":"https:\/\/labs.100x100.net\/projects\/nocco\/custom\/uploads\/2025\/05\/logo-nocco.png","contentUrl":"https:\/\/labs.100x100.net\/projects\/nocco\/custom\/uploads\/2025\/05\/logo-nocco.png","width":563,"height":153,"caption":"NOCCO"},"image":{"@id":"https:\/\/www.noccobarcelona.com\/en\/#\/schema\/logo\/image\/"}}]}},"_links":{"self":[{"href":"https:\/\/noccobarcelona.com\/en\/wp-json\/wp\/v2\/pages\/157","targetHints":{"allow":["GET"]}}],"collection":[{"href":"https:\/\/noccobarcelona.com\/en\/wp-json\/wp\/v2\/pages"}],"about":[{"href":"https:\/\/noccobarcelona.com\/en\/wp-json\/wp\/v2\/types\/page"}],"author":[{"embeddable":true,"href":"https:\/\/noccobarcelona.com\/en\/wp-json\/wp\/v2\/users\/1"}],"replies":[{"embeddable":true,"href":"https:\/\/noccobarcelona.com\/en\/wp-json\/wp\/v2\/comments?post=157"}],"version-history":[{"count":4,"href":"https:\/\/noccobarcelona.com\/en\/wp-json\/wp\/v2\/pages\/157\/revisions"}],"predecessor-version":[{"id":187,"href":"https:\/\/noccobarcelona.com\/en\/wp-json\/wp\/v2\/pages\/157\/revisions\/187"}],"wp:attachment":[{"href":"https:\/\/noccobarcelona.com\/en\/wp-json\/wp\/v2\/media?parent=157"}],"curies":[{"name":"wp","href":"https:\/\/api.w.org\/{rel}","templated":true}]}}